{"id":11,"date":"2023-11-17T00:55:14","date_gmt":"2023-11-16T23:55:14","guid":{"rendered":"https:\/\/www.boxersdelosmorritos.com\/?page_id=11"},"modified":"2023-11-17T01:22:44","modified_gmt":"2023-11-17T00:22:44","slug":"vermifuge-milbactor-chien-effets-secondaires-conseils-veterinaires","status":"publish","type":"page","link":"https:\/\/www.boxersdelosmorritos.com\/","title":{"rendered":"Vermifuge Milbactor chien effets secondaires: Conseils v\u00e9t\u00e9rinaires"},"content":{"rendered":"\n<figure class=\"wp-block-image size-large\"><img loading=\"lazy\" decoding=\"async\" width=\"1024\" height=\"680\" src=\"https:\/\/www.boxersdelosmorritos.com\/wp-content\/uploads\/2023\/11\/milbactor-chien-effets-secondaires-1024x680.jpg\" alt=\"un chien de race Labrador malade utilisant le vermifuge Milbactor pour chien avec des effets secondaires sur ce dernier\" class=\"wp-image-9\" srcset=\"https:\/\/www.boxersdelosmorritos.com\/wp-content\/uploads\/2023\/11\/milbactor-chien-effets-secondaires-1024x680.jpg 1024w, https:\/\/www.boxersdelosmorritos.com\/wp-content\/uploads\/2023\/11\/milbactor-chien-effets-secondaires-300x199.jpg 300w, https:\/\/www.boxersdelosmorritos.com\/wp-content\/uploads\/2023\/11\/milbactor-chien-effets-secondaires-768x510.jpg 768w, https:\/\/www.boxersdelosmorritos.com\/wp-content\/uploads\/2023\/11\/milbactor-chien-effets-secondaires.jpg 1208w\" sizes=\"auto, (max-width: 1024px) 100vw, 1024px\" \/><\/figure>\n\n\n\n<p>Lorsqu&rsquo;il s&rsquo;agit de garantir la sant\u00e9 optimale de nos fid\u00e8les compagnons \u00e0 quatre pattes, la pr\u00e9vention des infestations parasitaires est une pr\u00e9occupation primordiale pour les propri\u00e9taires de chiens.<\/p>\n\n\n\n<h2 class=\"wp-block-heading\">L&rsquo;importance du vermifuge Milbactor pour chien contre les effets secondaires<\/h2>\n\n\n\n<p><a href=\"https:\/\/www.topcanin.fr\/chien\/milbactor-chien\/\" target=\"_blank\" rel=\"noreferrer noopener\">Vous cherchez sur le vermifuge Milbact<\/a><a href=\"https:\/\/www.topcanin.fr\/chien\/milbactor-chien\/\">or pour chien les effets secondaires ?<\/a> Alors vous \u00eates au bon endroit ! Le vermifuge Milbactor est largement utilis\u00e9 dans le traitement de divers parasites internes chez les chiens. Cependant, comme avec tout m\u00e9dicament, il est essentiel de comprendre les \u00e9ventuels effets secondaires afin de prendre des d\u00e9cisions \u00e9clair\u00e9es pour le bien-\u00eatre de votre animal. <\/p>\n\n\n\n<h2 class=\"wp-block-heading\">Qu\u2019est-ce que le Milbactor ?<\/h2>\n\n\n\n<p>Le Milbactor est la version g\u00e9n\u00e9rique de Milbemax. Il est efficace contre les vers ronds et plats. Il est disponible sous forme de comprim\u00e9s pour les chiens de 0,5 \u00e0 10 kg et de 10 \u00e0 75 kg, respectivement nomm\u00e9s Milbactor petit chien et chiot et Milbactor grand chien. Pour les chats, ce m\u00e9dicament est aussi disponible pour les petits entre 0,5 et 2 kg et pour les grands entre 2 et 12 kg.<\/p>\n\n\n\n<h2 class=\"wp-block-heading\">Quel effet le Milbactor a-t-il sur les vers ronds et plats ?<\/h2>\n\n\n\n<p>Le composant actif du Milbactor est identique \u00e0 celui du Milbemax, \u00e0 savoir le praziquantel et la milb\u00e9mycine oxime.<\/p>\n\n\n\n<p>Le praziquantel permet d&rsquo;\u00e9liminer les vers cestodes et tr\u00e9matodes. Cette substance provoque la paralysie du parasite, ce qui conduit \u00e0 sa disparition et facilite sa sortie par les f\u00e8ces de votre animal.<\/p>\n\n\n\n<p>La milb\u00e9mycine oxime s&rsquo;av\u00e8re efficace pour lutter contre les acariens, les n\u00e9matodes (\u00e0 la fois \u00e0 l&rsquo;\u00e9tat larvaire et adulte) et les larves de Dirofilaria immitis, un parasite pouvant causer la dirofilariose chez le chien et le chat.<\/p>\n\n\n\n<p>Cette maladie cardiaque peut entra\u00eener des difficult\u00e9s respiratoires. La mol\u00e9cule du traitement provoque la paralysie et la mort du parasite.<\/p>\n\n\n\n<h2 class=\"wp-block-heading\">Quels sont les mesures de s\u00e9curit\u00e9 \u00e0 adopter avec le Milbactor ?<\/h2>\n\n\n\n<p>Il est imp\u00e9ratif de s&rsquo;abstenir d&rsquo;administrer du Milbactor aux chiens de certaines races, telles que le colley, le berger australien ou le berger blanc suisse. En cause ? Une mutation g\u00e9n\u00e9tique du MDR1 que certaines de ces esp\u00e8ces renferment, pouvant entra\u00eener des l\u00e9sions graves au syst\u00e8me nerveux pouvant aller jusqu&rsquo;\u00e0 la paralysie ou la mort. Interrogez votre v\u00e9t\u00e9rinaire pour d\u00e9terminer si votre chien est \u00e0 risque. Par rapport aux chats, aucune race ne semble particuli\u00e8rement vuln\u00e9rable aux composants du m\u00e9dicament.<\/p>\n\n\n\n<h3 class=\"wp-block-heading\">Les cons\u00e9quences probables de Milbactor peuvent \u00eatre identifi\u00e9es.<\/h3>\n\n\n\n<p>Hors des races vuln\u00e9rables, le Milbactor peut toujours provoquer des r\u00e9actions secondaires si votre chat ou votre chien est infest\u00e9 par des vers et autres parasites : des muqueuses p\u00e2les, des naus\u00e9es, des frissons, une s\u00e9cr\u00e9tion salivaire excessive ou des difficult\u00e9s respiratoires. Faites attention \u00e0 votre animal dans les heures apr\u00e8s l&rsquo;administration du Milbactor. Si des sympt\u00f4mes inhabituels sont d\u00e9tect\u00e9s, contactez votre v\u00e9t\u00e9rinaire.<\/p>\n\n\n\n<h3 class=\"wp-block-heading\">Quelle quantit\u00e9 de Milbactor doit-on prendre ?<\/h3>\n\n\n\n<p>En fonction du poids de votre animal, le nombre de comprim\u00e9s \u00e0 administrer varie. Si votre chien p\u00e8se entre 500 grammes et un kilo, il doit recevoir la moiti\u00e9 d&rsquo;un comprim\u00e9 petit chien et chiot. Entre 1 et 5 kg, un comprim\u00e9 et entre 5 et 10 kg, deux comprim\u00e9s. Pour les chiens qui p\u00e8sent entre 10 et 25 kg, m\u00e9langez un comprim\u00e9 grand chien dans leur nourriture. Les animaux pesant entre 25 et 50 kg doivent prendre deux comprim\u00e9s et ceux de 50 \u00e0 75 kg trois comprim\u00e9s du Milbactor grand chien.<\/p>\n\n\n\n<h3 class=\"wp-block-heading\">D\u00e9terminer la mani\u00e8re de fournir Milbactor \u00e0 un chien ou un chat.<\/h3>\n\n\n\n<p>M\u00e9langez le Milbactor \u00e0 la nourriture de votre animal pour qu&rsquo;il puisse plus vite absorber les principes actifs. Apr\u00e8s avoir manipul\u00e9 le comprim\u00e9, veillez \u00e0 bien vous laver les mains et \u00e0 maintenir le produit \u00e0 l&rsquo;abri des enfants. Ne donnez jamais de Milbactor pour chien \u00e0 un chat ou vice-versa, m\u00eame si leur poids est similaire, car les doses recommand\u00e9es sont diff\u00e9rentes.<\/p>\n\n\n\n<h3 class=\"wp-block-heading\">Pouvons-nous appliquer Milbactor \u00e0 un animal enceinte ou qui nourrit des petits ?<\/h3>\n\n\n\n<p>Aucune restriction ne s&rsquo;applique \u00e0 l&rsquo;administration de Milbactor aux chattes et chiennes enceintes ou qui allaitent ainsi qu&rsquo;aux animaux reproducteurs. Les chiots et chatons devraient toutefois peser au moins 500 grammes et avoir plus de deux semaines avant d&rsquo;utiliser la version dos\u00e9e 2,5 mg\/25 mg pour les chiens et 4 mg\/10mg pour les chats. Si vous \u00eates incertain, veuillez peser votre animal avant de lui administrer le m\u00e9dicament.<\/p>\n\n\n\n<h3 class=\"wp-block-heading\">Quel autre m\u00e9dicament antiparasitaire fournir \u00e0 votre animal ?<\/h3>\n\n\n\n<p>Vous pouvez administrer \u00e0 votre animal soit du Milbemax, soit du Milpro, qui est un m\u00e9dicament g\u00e9n\u00e9rique similaire \u00e0 Milbemax. Les ingr\u00e9dients actifs et leur quantit\u00e9 sont identiques.<\/p>\n\n\n\n<h2 class=\"wp-block-heading\">Y a-t-il des possibilit\u00e9s sans ordonnance \u00e0 la place du Milbactor ?<\/h2>\n\n\n\n<p>Il est interdit d&rsquo;acheter des vermifuges sans prescription en France, m\u00eame sur internet. De plus, il est d\u00e9conseill\u00e9 de les obtenir \u00e0 l&rsquo;\u00e9tranger puisqu&rsquo;ils n\u00e9cessitent un suivi et des conseils v\u00e9t\u00e9rinaires. Cependant, il existe des antiparasitaires pour chat et chien qui sont accessibles sans ordonnance si votre animal a aussi des tiques et\/ou des puces. On peut les trouver sous forme de pipettes, colliers ou sprays, y compris pour asperger votre environnement.<\/p>\n\n\n\n<p>Le traitement vermifuge peut \u00eatre \u00e9prouvant pour le syst\u00e8me digestif, en particulier s&rsquo;il y a une grande quantit\u00e9 de parasites \u00e0 \u00e9liminer. Il est donc recommand\u00e9 de fournir \u00e0 votre animal des compl\u00e9ments alimentaires, en particulier ceux qui soutiennent sa flore intestinale, tels que ceux qui contiennent des probiotiques, comme Flore Equilibre pour chat et chien \u00e0 base de cinq souches de Lactobacillus et Bifidobacterium.<\/p>\n\n\n\n<h2 class=\"wp-block-heading\">Milbactor Vermifuge Efficace: Ce qu\u2019il faut absolument savoir<\/h2>\n\n\n\n<p>Le Milbactor est une substance antiparasitaire qui agit \u00e0 un large \u00e9ventail de cestodes (vers plats) et de n\u00e9matodes (vers ronds) chez les chats.<\/p>\n\n\n\n<p>On peut utiliser ce vermifuge pour pr\u00e9venir les dirofilarioses cardiaques, ces infections dangereuses caus\u00e9es par le ver du c\u0153ur. Il peut \u00e9galement traiter les dirofilarioses pulmonaires, ces infections provoqu\u00e9es par le ver des poumons.<\/p>\n\n\n\n<p>Le Milbactor est enfin recommand\u00e9 pour traiter les infestations de votre chat par les trichoc\u00e9phales, les ankylostomes, les ascaris et les t\u00e9nias.<\/p>\n\n\n\n<p>Cette technique \u00e9radique les \u0153ufs et les larves immatures, ainsi que les vers adultes qui sont impronon\u00e7ables mais qui peuvent avoir des cons\u00e9quences graves pour votre chat.Les cestodes (vers plats) comprennent Dipylidium caninum, Taenia spp et Echinococcus multilocularis.Les n\u00e9matodes (vers ronds) sont repr\u00e9sent\u00e9s par Ancylostoma tubaeforme et Toxocara cati.Le Milbactor, en suivant un traitement parall\u00e8le adapt\u00e9 aux cestodes, peut emp\u00eacher la dirofilariose cardiaque et pulmonaire (Dirofilaria immitis).<\/p>\n\n\n\n<h2 class=\"wp-block-heading\">Il ne faut pas m\u00e9langer les deux versions du Milbactor!<\/h2>\n\n\n\n<p>Deux versions du Milbactor sont disponibles en pharmacie, une destin\u00e9e aux chatons et l&rsquo;autre aux chats adultes.Milbactor, destin\u00e9 aux Petits Chats et Chatons :&nbsp;Ces comprim\u00e9s sont adapt\u00e9s aux petits f\u00e9lins d&rsquo;un poids minimum de 0,5 kg, mais ABSOLUMENT pas plus de 2 kg.Ce produit est con\u00e7u pour les chats adultes pesant plus de 2 kg.<\/p>\n\n\n\n<p>D\u00e9terminer le poids de votre chat avec exactitude afin de d\u00e9terminer la bonne dose.<\/p>\n\n\n\n<p>Examinez \u00e9galement notre article complet sur la fa\u00e7on de vermifuger votre chat de mani\u00e8re naturelle, trouvable ici, ou lisez le rapport d\u00e9taill\u00e9 sur le vermifuge MilbeMax, accessible ici.<\/p>\n\n\n\n<p>On pr\u00e9conise les doses suivantes :<\/p>\n\n\n\n<h2 class=\"wp-block-heading\">Les m\u00e9dicaments Milbactor sont d\u00e9conseill\u00e9s dans certains cas<\/h2>\n\n\n\n<p>\u00c9vitez de m\u00e9langer ces formats car vous risquez de surdoser les principes actifs; les niveaux de concentration ne sont pas \u00e9gaux.<\/p>\n\n\n\n<p>\u00ab\u00a0Observez par vous-m\u00eame:\u00a0\u00bb<\/p>\n\n\n\n<p>Les comprim\u00e9s Milbactor sont con\u00e7us pour les f\u00e9lins de petite taille.Ing\u00e9rer quatre milligrammes d&rsquo;oxime de milb\u00e9mycine.Administrer 10&nbsp;mg de Praziquantel.<\/p>\n\n\n\n<p>Milbactor comprim\u00e9s pour chats de grande taille: Offrant une protection compl\u00e8te contre les parasites, ces comprim\u00e9s sont sp\u00e9cialement con\u00e7us pour les chats plus volumineux. Les propri\u00e9taires peuvent \u00eatre assur\u00e9s que leurs animaux de compagnie b\u00e9n\u00e9ficient d&rsquo;une protection compl\u00e8te contre les parasites.Administrer 16 milligrammes d&rsquo;oxime de milb\u00e9mycine.Une dose de Praziquantel de 40 mg est prescrite.<\/p>\n\n\n\n<p>Dans de rares circonstances (moins d&rsquo;un chat pour 10000), en particulier chez les jeunes f\u00e9lins, des signes tels que la somnolence, des secousses musculaires et une ataxie\/mouvements non coordonn\u00e9s et\/ou des naus\u00e9es et des selles molles peuvent survenir.<\/p>\n\n\n\n<p>Si vous observez des r\u00e9actions graves, veuillez en avertir votre v\u00e9t\u00e9rinaire promptement.<\/p>\n\n\n\n<h2 class=\"wp-block-heading\">D\u00e9couvrez comment fournir correctement le Milbactor \u00e0 votre chat<\/h2>\n\n\n\n<p>Chaque trimestre, Milbactor offre une protection \u00e0 votre chat pendant trois mois. Cette protection est assur\u00e9e par une seule dose du vermifuge.<\/p>\n\n\n\n<p>Chaque bo\u00eete fournit quatre comprim\u00e9s, ce qui couvre les besoins annuels d&rsquo;un chat de taille moyenne.<\/p>\n\n\n\n<p>Consultez votre v\u00e9t\u00e9rinaire pour d\u00e9terminer la dose adapt\u00e9e pour minou et minette. Sa quantit\u00e9 peut varier en fonction de leurs soucis urinaires ou r\u00e9naux.<\/p>\n\n\n\n<p>Administrez le Milbactor \u00e0 votre chat, pendant ou apr\u00e8s son alimentation.<\/p>\n\n\n\n<p>On peut ais\u00e9ment int\u00e9grer une boulette de thon ou de b\u0153uf et cette m\u00e9thode se r\u00e9v\u00e8le fructueuse dans 95% des cas.<\/p>\n\n\n\n<p>Les pilules sont divisibles et de dimension r\u00e9duite. Le f\u00e9lin les avale ais\u00e9ment sans les r\u00e9gurgiter.<\/p>\n\n\n\n<p>Seulement disponible sur ordonnance, le Milbactor est un m\u00e9dicament v\u00e9t\u00e9rinaire pour lequel votre assurance maladie pour chat offre un remboursement. D\u00e9couvrez notre article long et d\u00e9taill\u00e9 pour savoir comment choisir la bonne mutuelle pour chat ici.<\/p>\n\n\n\n<h2 class=\"wp-block-heading\">Il est important de prendre deux mesures de s\u00e9curit\u00e9 lors de l&rsquo;utilisation du Milbactor<\/h2>\n\n\n\n<p>Pour \u00e9liminer efficacement les vers, le traitement de votre chat doit se baser sur les donn\u00e9es parasitaires de votre localit\u00e9.<\/p>\n\n\n\n<p>Quels genres de vers habitent votre environnement ?<\/p>\n\n\n\n<p>Quelle est la r\u00e9activit\u00e9 aux m\u00e9dicaments destin\u00e9s aux animaux ?<\/p>\n\n\n\n<p>Ne vous affolez pas !<\/p>\n\n\n\n<p>Votre m\u00e9decin v\u00e9t\u00e9rinaire (ou l&rsquo;administration communale) d\u00e9tiennent des informations sur vous.<\/p>\n\n\n\n<p>Il convient de tenir compte du danger d\u2019exposition de votre chat en particulier.<\/p>\n\n\n\n<p>Pouvait-il profiter d&rsquo;un jardin priv\u00e9 en dehors ?<\/p>\n\n\n\n<p>Existe-t-il des aires de jeux publiques \u00e0 proximit\u00e9 ?<\/p>\n\n\n\n<p>R\u00e9duire les sorties de votre f\u00e9lin pendant un mois peut augmenter sa gu\u00e9rison rapidement et \u00e9viter une rechute.<\/p>\n\n\n\n<h2 class=\"wp-block-heading\">Quels sont les effets du Milbactor sur les vers ?<\/h2>\n\n\n\n<p>Le Milbactor est compos\u00e9 de deux composants actifs, l&rsquo;oxime de milb\u00e9mycine et le praziquantel.<\/p>\n","protected":false},"excerpt":{"rendered":"<p>Lorsqu&rsquo;il s&rsquo;agit de garantir la sant\u00e9 optimale de nos fid\u00e8les compagnons \u00e0 quatre pattes, la pr\u00e9vention des infestations parasitaires est une pr\u00e9occupation primordiale pour les propri\u00e9taires de chiens. L&rsquo;importance du vermifuge Milbactor pour chien contre les effets secondaires Vous cherchez sur le vermifuge Milbactor pour chien les effets secondaires ? Alors vous \u00eates au bon [&hellip;]<\/p>\n","protected":false},"author":1,"featured_media":0,"parent":0,"menu_order":0,"comment_status":"closed","ping_status":"closed","template":"","meta":{"footnotes":""},"class_list":["post-11","page","type-page","status-publish","hentry"],"_links":{"self":[{"href":"https:\/\/www.boxersdelosmorritos.com\/index.php?rest_route=\/wp\/v2\/pages\/11","targetHints":{"allow":["GET"]}}],"collection":[{"href":"https:\/\/www.boxersdelosmorritos.com\/index.php?rest_route=\/wp\/v2\/pages"}],"about":[{"href":"https:\/\/www.boxersdelosmorritos.com\/index.php?rest_route=\/wp\/v2\/types\/page"}],"author":[{"embeddable":true,"href":"https:\/\/www.boxersdelosmorritos.com\/index.php?rest_route=\/wp\/v2\/users\/1"}],"replies":[{"embeddable":true,"href":"https:\/\/www.boxersdelosmorritos.com\/index.php?rest_route=%2Fwp%2Fv2%2Fcomments&post=11"}],"version-history":[{"count":3,"href":"https:\/\/www.boxersdelosmorritos.com\/index.php?rest_route=\/wp\/v2\/pages\/11\/revisions"}],"predecessor-version":[{"id":22,"href":"https:\/\/www.boxersdelosmorritos.com\/index.php?rest_route=\/wp\/v2\/pages\/11\/revisions\/22"}],"wp:attachment":[{"href":"https:\/\/www.boxersdelosmorritos.com\/index.php?rest_route=%2Fwp%2Fv2%2Fmedia&parent=11"}],"curies":[{"name":"wp","href":"https:\/\/api.w.org\/{rel}","templated":true}]}}